{"id":487,"date":"2026-04-10T12:12:25","date_gmt":"2026-04-10T10:12:25","guid":{"rendered":"https:\/\/www.cenithandpans.com\/tienda\/?post_type=product&#038;p=487"},"modified":"2026-04-10T13:30:27","modified_gmt":"2026-04-10T11:30:27","slug":"handpan-a2-low-golden-gate","status":"publish","type":"product","link":"https:\/\/www.cenithandpans.com\/tienda\/producto\/handpan-a2-low-golden-gate\/","title":{"rendered":"Handpan A2 Low Golden Gate"},"content":{"rendered":"<ul>\n<li>\n<p data-path-to-node=\"3,1,0\"><b data-path-to-node=\"3,1,0\" data-index-in-node=\"0\">Escala:<\/b> A2 Low Golden gate.<\/p>\n<\/li>\n<li>\n<p data-path-to-node=\"3,2,0\"><b data-path-to-node=\"3,2,0\" data-index-in-node=\"0\">16 Notas:<\/b> A2\/ (C#3 E3 G#3 A3 B3) C#4 E4 G#4 A4 B4 D#5 E5 G#5 A5 B5<br \/>\n\u00a1Graves profundos!<\/p>\n<\/li>\n<li>\n<p data-path-to-node=\"3,3,0\"><b data-path-to-node=\"3,3,0\" data-index-in-node=\"0\">Material:<\/b> Acero Inoxidable Ember<\/p>\n<\/li>\n<li>\n<p data-path-to-node=\"3,4,0\"><b data-path-to-node=\"3,4,0\" data-index-in-node=\"0\">Frecuencia:<\/b> 440 Hz<\/p>\n<\/li>\n<li>\n<p data-path-to-node=\"3,5,0\"><b data-path-to-node=\"3,5,0\" data-index-in-node=\"0\">Dise\u00f1o exclusivo: <\/b>Templado en tono marr\u00f3n con efecto envejecido y grabado decorativo Tent\u00e1culos estilo Maya.<\/p>\n<\/li>\n<li><b data-path-to-node=\"3,5,0\" data-index-in-node=\"0\">Compromiso reafinaci\u00f3n de por vida: <\/b>Mano de obra de reafinaci\u00f3n gratuita de por vida (comprador original). No incluye da\u00f1os por golpes o mal uso. Gastos de env\u00edo a cargo del cliente.<\/li>\n<\/ul>\n","protected":false},"excerpt":{"rendered":"<p>\u00a1Handpan exclusivo! Calidad artesanal fabricado en <b data-path-to-node=\"1\" data-index-in-node=\"31\">acero inoxidable Ember<\/b>, material que ofrece un sustain excepcional y alta resistencia a la oxidaci\u00f3n. Este modelo est\u00e1 afinado en <b data-path-to-node=\"1\" data-index-in-node=\"161\">440 Hz<\/b> con la escala <b data-path-to-node=\"1\" data-index-in-node=\"182\">A2 Golden gate<\/b> de 16 notas, proporcionando unos graves profundos y una sonoridad enso\u00f1adora, emotiva y m\u00e1gica. Presenta un acabado templado en tono marr\u00f3n con efecto envejecido y grabado decorativo Tent\u00e1culos estilo Maya.<\/p>\n","protected":false},"featured_media":488,"comment_status":"open","ping_status":"closed","template":"","meta":{"site-sidebar-layout":"default","site-content-layout":"","ast-site-content-layout":"default","site-content-style":"default","site-sidebar-style":"default","ast-global-header-display":"","ast-banner-title-visibility":"","ast-main-header-display":"","ast-hfb-above-header-display":"","ast-hfb-below-header-display":"","ast-hfb-mobile-header-display":"","site-post-title":"","ast-breadcrumbs-content":"","ast-featured-img":"","footer-sml-layout":"","ast-disable-related-posts":"","theme-transparent-header-meta":"default","adv-header-id-meta":"","stick-header-meta":"","header-above-stick-meta":"","header-main-stick-meta":"","header-below-stick-meta":"","astra-migrate-meta-layouts":"set","ast-page-background-enabled":"default","ast-page-background-meta":{"desktop":{"background-color":"var(--ast-global-color-5)","background-image":"","background-repeat":"repeat","background-position":"center center","background-size":"auto","background-attachment":"scroll","background-type":"","background-media":"","overlay-type":"","overlay-color":"","overlay-opacity":"","overlay-gradient":""},"tablet":{"background-color":"","background-image":"","background-repeat":"repeat","background-position":"center center","background-size":"auto","background-attachment":"scroll","background-type":"","background-media":"","overlay-type":"","overlay-color":"","overlay-opacity":"","overlay-gradient":""},"mobile":{"background-color":"","background-image":"","background-repeat":"repeat","background-position":"center center","background-size":"auto","background-attachment":"scroll","background-type":"","background-media":"","overlay-type":"","overlay-color":"","overlay-opacity":"","overlay-gradient":""}},"ast-content-background-meta":{"desktop":{"background-color":"var(--ast-global-color-4)","background-image":"","background-repeat":"repeat","background-position":"center center","background-size":"auto","background-attachment":"scroll","background-type":"","background-media":"","overlay-type":"","overlay-color":"","overlay-opacity":"","overlay-gradient":""},"tablet":{"background-color":"var(--ast-global-color-4)","background-image":"","background-repeat":"repeat","background-position":"center center","background-size":"auto","background-attachment":"scroll","background-type":"","background-media":"","overlay-type":"","overlay-color":"","overlay-opacity":"","overlay-gradient":""},"mobile":{"background-color":"var(--ast-global-color-4)","background-image":"","background-repeat":"repeat","background-position":"center center","background-size":"auto","background-attachment":"scroll","background-type":"","background-media":"","overlay-type":"","overlay-color":"","overlay-opacity":"","overlay-gradient":""}}},"product_brand":[],"product_cat":[31],"product_tag":[],"class_list":{"0":"post-487","1":"product","2":"type-product","3":"status-publish","4":"has-post-thumbnail","6":"product_cat-handpan","7":"product_shipping_class-handpan","8":"desktop-align-left","9":"tablet-align-left","10":"mobile-align-left","12":"first","13":"instock","14":"sold-individually","15":"taxable","16":"shipping-taxable","17":"purchasable","18":"product-type-simple"},"_links":{"self":[{"href":"https:\/\/www.cenithandpans.com\/tienda\/wp-json\/wp\/v2\/product\/487","targetHints":{"allow":["GET"]}}],"collection":[{"href":"https:\/\/www.cenithandpans.com\/tienda\/wp-json\/wp\/v2\/product"}],"about":[{"href":"https:\/\/www.cenithandpans.com\/tienda\/wp-json\/wp\/v2\/types\/product"}],"replies":[{"embeddable":true,"href":"https:\/\/www.cenithandpans.com\/tienda\/wp-json\/wp\/v2\/comments?post=487"}],"wp:featuredmedia":[{"embeddable":true,"href":"https:\/\/www.cenithandpans.com\/tienda\/wp-json\/wp\/v2\/media\/488"}],"wp:attachment":[{"href":"https:\/\/www.cenithandpans.com\/tienda\/wp-json\/wp\/v2\/media?parent=487"}],"wp:term":[{"taxonomy":"product_brand","embeddable":true,"href":"https:\/\/www.cenithandpans.com\/tienda\/wp-json\/wp\/v2\/product_brand?post=487"},{"taxonomy":"product_cat","embeddable":true,"href":"https:\/\/www.cenithandpans.com\/tienda\/wp-json\/wp\/v2\/product_cat?post=487"},{"taxonomy":"product_tag","embeddable":true,"href":"https:\/\/www.cenithandpans.com\/tienda\/wp-json\/wp\/v2\/product_tag?post=487"}],"curies":[{"name":"wp","href":"https:\/\/api.w.org\/{rel}","templated":true}]}}