{"id":177,"date":"2026-02-27T11:32:25","date_gmt":"2026-02-27T10:32:25","guid":{"rendered":"https:\/\/www.cenithandpans.com\/tienda\/?post_type=product&#038;p=177"},"modified":"2026-03-16T13:47:40","modified_gmt":"2026-03-16T12:47:40","slug":"handpan-g2-deep","status":"publish","type":"product","link":"https:\/\/www.cenithandpans.com\/tienda\/producto\/handpan-g2-deep\/","title":{"rendered":"Handpan G2 Pentatonic"},"content":{"rendered":"<ul>\n<li>\n<p data-path-to-node=\"3,1,0\"><b data-path-to-node=\"3,1,0\" data-index-in-node=\"0\">Escala:<\/b> G2 Pentatonic (escala profunda pentat\u00f3nica en Sol)<\/p>\n<\/li>\n<li>\n<p data-path-to-node=\"3,2,0\"><b data-path-to-node=\"3,2,0\" data-index-in-node=\"0\">9 Notas:<\/b> G2\/ F3 G3 Ab3 C4 Eb4 F4 G4 Ab4<\/p>\n<\/li>\n<li>\n<p data-path-to-node=\"3,3,0\"><b data-path-to-node=\"3,3,0\" data-index-in-node=\"0\">Material:<\/b> Acero inoxidable Ember.<\/p>\n<\/li>\n<li>\n<p data-path-to-node=\"3,4,0\"><b data-path-to-node=\"3,4,0\" data-index-in-node=\"0\">Frecuencia:<\/b> 440 Hz<\/p>\n<\/li>\n<li><b data-path-to-node=\"3,4,0\" data-index-in-node=\"0\">Acabado:<\/b> Templado en tonos marrones con efecto lija radial.<\/li>\n<li><b data-path-to-node=\"3,4,0\" data-index-in-node=\"0\">Estado:<\/b> Nuevo \/ Stock<\/li>\n<li><b data-path-to-node=\"3,5,0\" data-index-in-node=\"0\">Compromiso reafinaci\u00f3n de por vida: <\/b>Mano de obra de reafinaci\u00f3n gratuita de por vida (comprador original). No incluye da\u00f1os por golpes o mal uso. Gastos de env\u00edo a cargo del cliente.<\/li>\n<\/ul>\n","protected":false},"excerpt":{"rendered":"[video width=\"1912\" height=\"1080\" mp4=\"http:\/\/www.cenithandpans.com\/tienda\/wp-content\/uploads\/2026\/02\/Video-Stock-14-G2-Pygmy-9.mp4\"][\/video]\n<p>Handpan artesanal fabricado en <b data-path-to-node=\"1\" data-index-in-node=\"31\">acero nitrurado<\/b>, material que ofrece un sonido din\u00e1mico y m\u00e1s seco que el acero inoxidable. Este modelo est\u00e1 afinado en <b data-path-to-node=\"1\" data-index-in-node=\"161\">440 Hz<\/b> con una escala profunda en G (Sol)<b data-path-to-node=\"1\" data-index-in-node=\"182\"> <\/b>de 9 notas, un sonido oscuro y profundo. Acabado templado en tonos marrones con efecto lija radial.<\/p>\n","protected":false},"featured_media":401,"comment_status":"open","ping_status":"closed","template":"","meta":{"site-sidebar-layout":"default","site-content-layout":"","ast-site-content-layout":"default","site-content-style":"default","site-sidebar-style":"default","ast-global-header-display":"","ast-banner-title-visibility":"","ast-main-header-display":"","ast-hfb-above-header-display":"","ast-hfb-below-header-display":"","ast-hfb-mobile-header-display":"","site-post-title":"","ast-breadcrumbs-content":"","ast-featured-img":"","footer-sml-layout":"","ast-disable-related-posts":"","theme-transparent-header-meta":"default","adv-header-id-meta":"","stick-header-meta":"","header-above-stick-meta":"","header-main-stick-meta":"","header-below-stick-meta":"","astra-migrate-meta-layouts":"set","ast-page-background-enabled":"default","ast-page-background-meta":{"desktop":{"background-color":"var(--ast-global-color-5)","background-image":"","background-repeat":"repeat","background-position":"center center","background-size":"auto","background-attachment":"scroll","background-type":"","background-media":"","overlay-type":"","overlay-color":"","overlay-opacity":"","overlay-gradient":""},"tablet":{"background-color":"","background-image":"","background-repeat":"repeat","background-position":"center center","background-size":"auto","background-attachment":"scroll","background-type":"","background-media":"","overlay-type":"","overlay-color":"","overlay-opacity":"","overlay-gradient":""},"mobile":{"background-color":"","background-image":"","background-repeat":"repeat","background-position":"center center","background-size":"auto","background-attachment":"scroll","background-type":"","background-media":"","overlay-type":"","overlay-color":"","overlay-opacity":"","overlay-gradient":""}},"ast-content-background-meta":{"desktop":{"background-color":"var(--ast-global-color-4)","background-image":"","background-repeat":"repeat","background-position":"center center","background-size":"auto","background-attachment":"scroll","background-type":"","background-media":"","overlay-type":"","overlay-color":"","overlay-opacity":"","overlay-gradient":""},"tablet":{"background-color":"var(--ast-global-color-4)","background-image":"","background-repeat":"repeat","background-position":"center center","background-size":"auto","background-attachment":"scroll","background-type":"","background-media":"","overlay-type":"","overlay-color":"","overlay-opacity":"","overlay-gradient":""},"mobile":{"background-color":"var(--ast-global-color-4)","background-image":"","background-repeat":"repeat","background-position":"center center","background-size":"auto","background-attachment":"scroll","background-type":"","background-media":"","overlay-type":"","overlay-color":"","overlay-opacity":"","overlay-gradient":""}}},"product_brand":[],"product_cat":[31],"product_tag":[],"class_list":{"0":"post-177","1":"product","2":"type-product","3":"status-publish","4":"has-post-thumbnail","6":"product_cat-handpan","7":"product_shipping_class-handpan","8":"desktop-align-left","9":"tablet-align-left","10":"mobile-align-left","12":"first","13":"instock","14":"sold-individually","15":"taxable","16":"shipping-taxable","17":"purchasable","18":"product-type-simple"},"_links":{"self":[{"href":"https:\/\/www.cenithandpans.com\/tienda\/wp-json\/wp\/v2\/product\/177","targetHints":{"allow":["GET"]}}],"collection":[{"href":"https:\/\/www.cenithandpans.com\/tienda\/wp-json\/wp\/v2\/product"}],"about":[{"href":"https:\/\/www.cenithandpans.com\/tienda\/wp-json\/wp\/v2\/types\/product"}],"replies":[{"embeddable":true,"href":"https:\/\/www.cenithandpans.com\/tienda\/wp-json\/wp\/v2\/comments?post=177"}],"wp:featuredmedia":[{"embeddable":true,"href":"https:\/\/www.cenithandpans.com\/tienda\/wp-json\/wp\/v2\/media\/401"}],"wp:attachment":[{"href":"https:\/\/www.cenithandpans.com\/tienda\/wp-json\/wp\/v2\/media?parent=177"}],"wp:term":[{"taxonomy":"product_brand","embeddable":true,"href":"https:\/\/www.cenithandpans.com\/tienda\/wp-json\/wp\/v2\/product_brand?post=177"},{"taxonomy":"product_cat","embeddable":true,"href":"https:\/\/www.cenithandpans.com\/tienda\/wp-json\/wp\/v2\/product_cat?post=177"},{"taxonomy":"product_tag","embeddable":true,"href":"https:\/\/www.cenithandpans.com\/tienda\/wp-json\/wp\/v2\/product_tag?post=177"}],"curies":[{"name":"wp","href":"https:\/\/api.w.org\/{rel}","templated":true}]}}