{"id":170,"date":"2026-02-27T11:05:13","date_gmt":"2026-02-27T10:05:13","guid":{"rendered":"https:\/\/www.cenithandpans.com\/tienda\/?post_type=product&#038;p=170"},"modified":"2026-03-16T13:49:27","modified_gmt":"2026-03-16T12:49:27","slug":"handpan-d-kurd-9-nitrurado","status":"publish","type":"product","link":"https:\/\/www.cenithandpans.com\/tienda\/producto\/handpan-d-kurd-9-nitrurado\/","title":{"rendered":"Handpan D Kurd 9 Nitrurado"},"content":{"rendered":"<ul>\n<li>\n<p data-path-to-node=\"3,1,0\"><b data-path-to-node=\"3,1,0\" data-index-in-node=\"0\">Escala:<\/b> D Kurd (Re Menor)<\/p>\n<\/li>\n<li>\n<p data-path-to-node=\"3,2,0\"><b data-path-to-node=\"3,2,0\" data-index-in-node=\"0\">9 Notas:<\/b> D3\/ A3 Bb3 C4 D4 E4 F4 G4 A4<\/p>\n<\/li>\n<li>\n<p data-path-to-node=\"3,3,0\"><b data-path-to-node=\"3,3,0\" data-index-in-node=\"0\">Material:<\/b> Acero Nitrurado.<\/p>\n<\/li>\n<li>\n<p data-path-to-node=\"3,4,0\"><b data-path-to-node=\"3,4,0\" data-index-in-node=\"0\">Frecuencia:<\/b> 440 Hz<\/p>\n<\/li>\n<li>\n<p data-path-to-node=\"3,4,0\"><b style=\"font-style: inherit;\" data-path-to-node=\"3,5,0\" data-index-in-node=\"0\">Compromiso reafinaci\u00f3n de por vida: <\/b><span style=\"font-size: 16px;\">Mano de obra de reafinaci\u00f3n gratuita de por vida (comprador original). No incluye da\u00f1os por golpes o mal uso. Gastos de env\u00edo a cargo del cliente.<\/span><\/p>\n<\/li>\n<\/ul>\n","protected":false},"excerpt":{"rendered":"[video width=\"1912\" height=\"1080\" mp4=\"http:\/\/www.cenithandpans.com\/tienda\/wp-content\/uploads\/2026\/02\/Video-Stock-11-D-Kurd-9-nitrurado.mp4\"][\/video]\n<p>Handpan artesanal fabricado en <b data-path-to-node=\"1\" data-index-in-node=\"31\">acero nitrurado<\/b>, material que ofrece un sonido din\u00e1mico y m\u00e1s seco que el acero inoxidable. Este modelo est\u00e1 afinado en <b data-path-to-node=\"1\" data-index-in-node=\"161\">440 Hz<\/b> con la escala <b data-path-to-node=\"1\" data-index-in-node=\"182\">D Kurd<\/b> de 9 notas, una escala popular, emotiva y versatil en Re Menor.<\/p>\n","protected":false},"featured_media":398,"comment_status":"open","ping_status":"closed","template":"","meta":{"site-sidebar-layout":"default","site-content-layout":"","ast-site-content-layout":"default","site-content-style":"default","site-sidebar-style":"default","ast-global-header-display":"","ast-banner-title-visibility":"","ast-main-header-display":"","ast-hfb-above-header-display":"","ast-hfb-below-header-display":"","ast-hfb-mobile-header-display":"","site-post-title":"","ast-breadcrumbs-content":"","ast-featured-img":"","footer-sml-layout":"","ast-disable-related-posts":"","theme-transparent-header-meta":"default","adv-header-id-meta":"","stick-header-meta":"","header-above-stick-meta":"","header-main-stick-meta":"","header-below-stick-meta":"","astra-migrate-meta-layouts":"set","ast-page-background-enabled":"default","ast-page-background-meta":{"desktop":{"background-color":"var(--ast-global-color-5)","background-image":"","background-repeat":"repeat","background-position":"center center","background-size":"auto","background-attachment":"scroll","background-type":"","background-media":"","overlay-type":"","overlay-color":"","overlay-opacity":"","overlay-gradient":""},"tablet":{"background-color":"","background-image":"","background-repeat":"repeat","background-position":"center center","background-size":"auto","background-attachment":"scroll","background-type":"","background-media":"","overlay-type":"","overlay-color":"","overlay-opacity":"","overlay-gradient":""},"mobile":{"background-color":"","background-image":"","background-repeat":"repeat","background-position":"center center","background-size":"auto","background-attachment":"scroll","background-type":"","background-media":"","overlay-type":"","overlay-color":"","overlay-opacity":"","overlay-gradient":""}},"ast-content-background-meta":{"desktop":{"background-color":"var(--ast-global-color-4)","background-image":"","background-repeat":"repeat","background-position":"center center","background-size":"auto","background-attachment":"scroll","background-type":"","background-media":"","overlay-type":"","overlay-color":"","overlay-opacity":"","overlay-gradient":""},"tablet":{"background-color":"var(--ast-global-color-4)","background-image":"","background-repeat":"repeat","background-position":"center center","background-size":"auto","background-attachment":"scroll","background-type":"","background-media":"","overlay-type":"","overlay-color":"","overlay-opacity":"","overlay-gradient":""},"mobile":{"background-color":"var(--ast-global-color-4)","background-image":"","background-repeat":"repeat","background-position":"center center","background-size":"auto","background-attachment":"scroll","background-type":"","background-media":"","overlay-type":"","overlay-color":"","overlay-opacity":"","overlay-gradient":""}}},"product_brand":[],"product_cat":[31],"product_tag":[],"class_list":{"0":"post-170","1":"product","2":"type-product","3":"status-publish","4":"has-post-thumbnail","6":"product_cat-handpan","7":"product_shipping_class-handpan","8":"desktop-align-left","9":"tablet-align-left","10":"mobile-align-left","12":"first","13":"instock","14":"sold-individually","15":"taxable","16":"shipping-taxable","17":"purchasable","18":"product-type-simple"},"_links":{"self":[{"href":"https:\/\/www.cenithandpans.com\/tienda\/wp-json\/wp\/v2\/product\/170","targetHints":{"allow":["GET"]}}],"collection":[{"href":"https:\/\/www.cenithandpans.com\/tienda\/wp-json\/wp\/v2\/product"}],"about":[{"href":"https:\/\/www.cenithandpans.com\/tienda\/wp-json\/wp\/v2\/types\/product"}],"replies":[{"embeddable":true,"href":"https:\/\/www.cenithandpans.com\/tienda\/wp-json\/wp\/v2\/comments?post=170"}],"wp:featuredmedia":[{"embeddable":true,"href":"https:\/\/www.cenithandpans.com\/tienda\/wp-json\/wp\/v2\/media\/398"}],"wp:attachment":[{"href":"https:\/\/www.cenithandpans.com\/tienda\/wp-json\/wp\/v2\/media?parent=170"}],"wp:term":[{"taxonomy":"product_brand","embeddable":true,"href":"https:\/\/www.cenithandpans.com\/tienda\/wp-json\/wp\/v2\/product_brand?post=170"},{"taxonomy":"product_cat","embeddable":true,"href":"https:\/\/www.cenithandpans.com\/tienda\/wp-json\/wp\/v2\/product_cat?post=170"},{"taxonomy":"product_tag","embeddable":true,"href":"https:\/\/www.cenithandpans.com\/tienda\/wp-json\/wp\/v2\/product_tag?post=170"}],"curies":[{"name":"wp","href":"https:\/\/api.w.org\/{rel}","templated":true}]}}