{"id":127,"date":"2026-02-27T09:14:07","date_gmt":"2026-02-27T08:14:07","guid":{"rendered":"https:\/\/www.cenithandpans.com\/tienda\/?page_id=127"},"modified":"2026-02-27T09:15:11","modified_gmt":"2026-02-27T08:15:11","slug":"politica-de-cookies","status":"publish","type":"page","link":"https:\/\/www.cenithandpans.com\/tienda\/politica-de-cookies\/","title":{"rendered":"Politica de cookies"},"content":{"rendered":"\n<h2 class=\"wp-block-heading alignfull has-text-align-center has-white-color has-text-color has-background has-link-color has-x-large-font-size wp-elements-bfa56ece002c3f08e913eafb3ee7e172\" style=\"background-color:#dca554\">Pol\u00edtica de cookies<\/h2>\n\n\n\n<p><strong>En cumplimiento con lo establecido en el art\u00edculo 22.2 de la Ley 34\/2002, de 11 de julio, de Servicios de la Sociedad de la Informaci\u00f3n y de Comercio Electr\u00f3nico (LSSI-CE), Cenit Handpans informa sobre la utilizaci\u00f3n de dispositivos de almacenamiento y recuperaci\u00f3n de datos (cookies) en este sitio web.<\/strong><\/p>\n\n\n\n<h2 class=\"wp-block-heading\" id=\"qu-son-las-cookies\"><strong>1. \u00bfQu\u00e9 son las cookies?<\/strong><\/h2>\n\n\n\n<p>Una cookie es un fichero que se descarga en su ordenador o dispositivo al acceder a determinadas p\u00e1ginas web. Las cookies permiten a una p\u00e1gina web, entre otras cosas, almacenar y recuperar informaci\u00f3n sobre los h\u00e1bitos de navegaci\u00f3n de un usuario o de su equipo y, dependiendo de la informaci\u00f3n que contengan, pueden utilizarse para reconocer al usuario.<\/p>\n\n\n\n<h2 class=\"wp-block-heading\"><strong>2. Tipos de cookies que utiliza este sitio web<\/strong><\/h2>\n\n\n\n<p>Este sitio web utiliza cookies propias y de terceros para mejorar la experiencia de usuario y el funcionamiento de la tienda online:<\/p>\n\n\n\n<ul class=\"wp-block-list\">\n<li><strong>Cookies T\u00e9cnicas (Necesarias):<\/strong>\u00a0Son imprescindibles para permitir la navegaci\u00f3n por la web y el uso de sus opciones, como identificar la sesi\u00f3n, acceder a partes de acceso restringido o\u00a0<strong>gestionar el carrito de la compra<\/strong>\u00a0en la secci\u00f3n\u00a0<code>\/tienda<\/code>.<\/li>\n\n\n\n<li><strong>Cookies de Personalizaci\u00f3n:<\/strong>\u00a0Permiten al usuario acceder al servicio con algunas caracter\u00edsticas predefinidas (como el idioma o la configuraci\u00f3n regional).<\/li>\n\n\n\n<li><strong>Cookies de An\u00e1lisis (Terceros):<\/strong>\u00a0Aquellas que, tratadas por nosotros o por terceros, nos permiten cuantificar el n\u00famero de usuarios y realizar la medici\u00f3n estad\u00edstica del uso que hacen los usuarios de la web para mejorar la oferta de productos.<\/li>\n\n\n\n<li><strong>Cookies de Redes Sociales y Contenido Incrustado:<\/strong>\u00a0Al reproducir v\u00eddeos demostrativos (YouTube) o interactuar con enlaces de redes sociales, estas plataformas externas pueden instalar sus propias cookies de seguimiento.<\/li>\n<\/ul>\n\n\n\n<h2 class=\"wp-block-heading\" id=\"cmo-desactivar-las-cookies\"><strong>3. Cookies espec\u00edficas de la Tienda y Pagos<\/strong><\/h2>\n\n\n\n<p>Al utilizar nuestra tienda online, se activar\u00e1n cookies espec\u00edficas gestionadas por:<\/p>\n\n\n\n<ul class=\"wp-block-list\">\n<li><strong>WooCommerce:<\/strong>\u00a0Para recordar los productos a\u00f1adidos al carrito y asegurar el correcto proceso de compra.<\/li>\n\n\n\n<li><strong>Stripe:<\/strong>\u00a0Para garantizar la seguridad de las transacciones financieras y prevenir intentos de fraude durante el pago.<\/li>\n<\/ul>\n\n\n\n<h2 class=\"wp-block-heading\"><strong>4. Gesti\u00f3n y desactivaci\u00f3n de cookies<\/strong><\/h2>\n\n\n\n<p>El Usuario tiene la posibilidad de configurar su navegador para ser avisado de la recepci\u00f3n de cookies y, si lo desea, impedir su instalaci\u00f3n en su equipo.<\/p>\n\n\n\n<p>Asimismo, el Usuario puede revisar en su navegador qu\u00e9 cookies tiene instaladas, cu\u00e1l es su caducidad y eliminarlas. Para restringir o bloquear las cookies, deber\u00e1 acceder a la&nbsp;<strong>configuraci\u00f3n de ajustes de su navegador<\/strong>&nbsp;(habitualmente en el apartado de \u00abPrivacidad y Seguridad\u00bb).<\/p>\n\n\n\n<p>Tenga en cuenta que, si bloquea las cookies t\u00e9cnicas necesarias (especialmente las relacionadas con la secci\u00f3n&nbsp;<code>\/tienda<\/code>), la funcionalidad del carrito de la compra y la finalizaci\u00f3n del pedido se ver\u00e1n afectadas.<\/p>\n\n\n\n<h2 class=\"wp-block-heading\"><strong>5. Aceptaci\u00f3n de la Pol\u00edtica de Cookies<\/strong><\/h2>\n\n\n\n<p>Al navegar por este sitio web, el usuario puede aceptar, rechazar o configurar el uso de cookies a trav\u00e9s del banner informativo de acceso. El titular asume que usted acepta el uso de cookies si contin\u00faa navegando por la web tras haber sido informado.<\/p>\n","protected":false},"excerpt":{"rendered":"<p>Pol\u00edtica de cookies En cumplimiento con lo establecido en el art\u00edculo 22.2 de la Ley 34\/2002, de 11 de julio, [&hellip;]<\/p>\n","protected":false},"author":2,"featured_media":0,"parent":0,"menu_order":0,"comment_status":"closed","ping_status":"closed","template":"","meta":{"site-sidebar-layout":"default","site-content-layout":"","ast-site-content-layout":"default","site-content-style":"default","site-sidebar-style":"default","ast-global-header-display":"","ast-banner-title-visibility":"","ast-main-header-display":"","ast-hfb-above-header-display":"","ast-hfb-below-header-display":"","ast-hfb-mobile-header-display":"","site-post-title":"disabled","ast-breadcrumbs-content":"","ast-featured-img":"","footer-sml-layout":"","ast-disable-related-posts":"","theme-transparent-header-meta":"","adv-header-id-meta":"","stick-header-meta":"","header-above-stick-meta":"","header-main-stick-meta":"","header-below-stick-meta":"","astra-migrate-meta-layouts":"default","ast-page-background-enabled":"default","ast-page-background-meta":{"desktop":{"background-color":"var(--ast-global-color-5)","background-image":"","background-repeat":"repeat","background-position":"center center","background-size":"auto","background-attachment":"scroll","background-type":"","background-media":"","overlay-type":"","overlay-color":"","overlay-opacity":"","overlay-gradient":""},"tablet":{"background-color":"","background-image":"","background-repeat":"repeat","background-position":"center center","background-size":"auto","background-attachment":"scroll","background-type":"","background-media":"","overlay-type":"","overlay-color":"","overlay-opacity":"","overlay-gradient":""},"mobile":{"background-color":"","background-image":"","background-repeat":"repeat","background-position":"center center","background-size":"auto","background-attachment":"scroll","background-type":"","background-media":"","overlay-type":"","overlay-color":"","overlay-opacity":"","overlay-gradient":""}},"ast-content-background-meta":{"desktop":{"background-color":"var(--ast-global-color-4)","background-image":"","background-repeat":"repeat","background-position":"center center","background-size":"auto","background-attachment":"scroll","background-type":"","background-media":"","overlay-type":"","overlay-color":"","overlay-opacity":"","overlay-gradient":""},"tablet":{"background-color":"var(--ast-global-color-4)","background-image":"","background-repeat":"repeat","background-position":"center center","background-size":"auto","background-attachment":"scroll","background-type":"","background-media":"","overlay-type":"","overlay-color":"","overlay-opacity":"","overlay-gradient":""},"mobile":{"background-color":"var(--ast-global-color-4)","background-image":"","background-repeat":"repeat","background-position":"center center","background-size":"auto","background-attachment":"scroll","background-type":"","background-media":"","overlay-type":"","overlay-color":"","overlay-opacity":"","overlay-gradient":""}},"footnotes":""},"class_list":["post-127","page","type-page","status-publish","hentry"],"_links":{"self":[{"href":"https:\/\/www.cenithandpans.com\/tienda\/wp-json\/wp\/v2\/pages\/127","targetHints":{"allow":["GET"]}}],"collection":[{"href":"https:\/\/www.cenithandpans.com\/tienda\/wp-json\/wp\/v2\/pages"}],"about":[{"href":"https:\/\/www.cenithandpans.com\/tienda\/wp-json\/wp\/v2\/types\/page"}],"author":[{"embeddable":true,"href":"https:\/\/www.cenithandpans.com\/tienda\/wp-json\/wp\/v2\/users\/2"}],"replies":[{"embeddable":true,"href":"https:\/\/www.cenithandpans.com\/tienda\/wp-json\/wp\/v2\/comments?post=127"}],"version-history":[{"count":2,"href":"https:\/\/www.cenithandpans.com\/tienda\/wp-json\/wp\/v2\/pages\/127\/revisions"}],"predecessor-version":[{"id":129,"href":"https:\/\/www.cenithandpans.com\/tienda\/wp-json\/wp\/v2\/pages\/127\/revisions\/129"}],"wp:attachment":[{"href":"https:\/\/www.cenithandpans.com\/tienda\/wp-json\/wp\/v2\/media?parent=127"}],"curies":[{"name":"wp","href":"https:\/\/api.w.org\/{rel}","templated":true}]}}